{"id":706,"date":"2022-06-10T15:46:49","date_gmt":"2022-06-10T15:46:49","guid":{"rendered":"https:\/\/kadence.pixel-show.com\/cleaning-services\/?page_id=22"},"modified":"2025-12-16T08:22:29","modified_gmt":"2025-12-16T08:22:29","slug":"appointment","status":"publish","type":"page","link":"https:\/\/effathastaniatki.ovh\/?page_id=706","title":{"rendered":"Skrzynka intencji"},"content":{"rendered":"<style>.kb-row-layout-id_e558a2-13 > .kt-row-column-wrap{align-content:start;}:where(.kb-row-layout-id_e558a2-13 > .kt-row-column-wrap) > .wp-block-kadence-column{justify-content:start;}.kb-row-layout-id_e558a2-13 > .kt-row-column-wrap{column-gap:20px;row-gap:20px;max-width:var( --global-content-width, 1290px );padding-left:var(--global-content-edge-padding);padding-right:var(--global-content-edge-padding);padding-top:80px;padding-right:20px;padding-bottom:80px;padding-left:20px;grid-template-columns:repeat(2, minmax(0, 1fr));}.kb-row-layout-id_e558a2-13 > .kt-row-layout-overlay{opacity:0.30;}.kb-row-layout-id_e558a2-13 .kt-row-layout-bottom-sep{height:100px;}.kb-row-layout-id_e558a2-13 .kt-row-layout-bottom-sep svg{width:100%;}.kb-row-layout-id_e558a2-13 .kt-row-layout-bottom-sep svg{fill:#ffffff!important;}@media all and (max-width: 1024px){.kb-row-layout-id_e558a2-13 > .kt-row-column-wrap{padding-top:60px;padding-right:150px;padding-bottom:60px;padding-left:150px;grid-template-columns:minmax(0, 1fr);}}@media all and (max-width: 1024px){.kb-row-layout-id_e558a2-13 .kt-row-layout-bottom-sep{height:px;}}@media all and (max-width: 1024px){.kb-row-layout-id_e558a2-13 .kt-row-layout-bottom-sep svg{width:%;}}@media all and (max-width: 767px){.kb-row-layout-id_e558a2-13 > .kt-row-column-wrap{padding-top:20px;padding-right:20px;padding-bottom:20px;padding-left:20px;grid-template-columns:minmax(0, 1fr);}.kb-row-layout-id_e558a2-13 .kt-row-layout-bottom-sep{height:px;}.kb-row-layout-id_e558a2-13 .kt-row-layout-bottom-sep svg{width:%;}}<\/style><div class=\"kb-row-layout-wrap kb-row-layout-id_e558a2-13 alignnone wp-block-kadence-rowlayout\"><div class=\"kt-row-column-wrap kt-has-2-columns kt-row-layout-equal kt-tab-layout-row kt-mobile-layout-row kt-row-valign-top kb-theme-content-width\">\n<style>.kadence-column_6633ca-33, .kt-inside-inner-col > .kadence-column_6633ca-33:not(.specificity){margin-right:80px;}.kadence-column_6633ca-33 > .kt-inside-inner-col{padding-top:0px;padding-right:0px;padding-bottom:0px;padding-left:0px;}.kadence-column_6633ca-33 > .kt-inside-inner-col,.kadence-column_6633ca-33 > .kt-inside-inner-col:before{border-top-left-radius:0px;border-top-right-radius:0px;border-bottom-right-radius:0px;border-bottom-left-radius:0px;}.kadence-column_6633ca-33 > .kt-inside-inner-col{justify-content:center;flex-direction:column;display:flex;}.kadence-column_6633ca-33 > .kt-inside-inner-col > .aligncenter{width:100%;}.kt-row-column-wrap > .kadence-column_6633ca-33{align-self:center;}.kt-inner-column-height-full:not(.kt-has-1-columns) > .wp-block-kadence-column.kadence-column_6633ca-33{align-self:auto;}.kt-inner-column-height-full:not(.kt-has-1-columns) > .wp-block-kadence-column.kadence-column_6633ca-33 > .kt-inside-inner-col{display:flex;flex-direction:column;justify-content:center;}.kadence-column_6633ca-33 > .kt-inside-inner-col:before{opacity:0.3;}.kadence-column_6633ca-33{position:relative;}@media all and (max-width: 1024px){.kadence-column_6633ca-33, .kt-inside-inner-col > .kadence-column_6633ca-33:not(.specificity){margin-right:0px;margin-left:0px;}}@media all and (max-width: 767px){.kadence-column_6633ca-33, .kt-inside-inner-col > .kadence-column_6633ca-33:not(.specificity){margin-right:0px;margin-left:0px;}.kadence-column_6633ca-33 > .kt-inside-inner-col{padding-top:20px;padding-right:20px;padding-bottom:20px;padding-left:20px;}}<\/style>\n<div class=\"wp-block-kadence-column kadence-column_6633ca-33 inner-column-1\"><div class=\"kt-inside-inner-col\"><style>.wp-block-kadence-advancedheading.kt-adv-heading_64126d-f1, .wp-block-kadence-advancedheading.kt-adv-heading_64126d-f1[data-kb-block=\"kb-adv-heading_64126d-f1\"]{margin-bottom:10px;font-style:normal;}.wp-block-kadence-advancedheading.kt-adv-heading_64126d-f1 mark, .wp-block-kadence-advancedheading.kt-adv-heading_64126d-f1[data-kb-block=\"kb-adv-heading_64126d-f1\"] mark{font-style:normal;color:#f76a0c;padding-top:0px;padding-right:0px;padding-bottom:0px;padding-left:0px;}@media all and (max-width: 1024px){.wp-block-kadence-advancedheading.kt-adv-heading_64126d-f1, .wp-block-kadence-advancedheading.kt-adv-heading_64126d-f1[data-kb-block=\"kb-adv-heading_64126d-f1\"]{text-align:center!important;}}@media all and (max-width: 767px){.wp-block-kadence-advancedheading.kt-adv-heading_64126d-f1, .wp-block-kadence-advancedheading.kt-adv-heading_64126d-f1[data-kb-block=\"kb-adv-heading_64126d-f1\"]{text-align:center!important;}}<\/style>\n<h6 class=\"kt-adv-heading_64126d-f1 wp-block-kadence-advancedheading\" data-kb-block=\"kb-adv-heading_64126d-f1\">Sk\u0142adanie intencji<\/h6>\n\n\n<style>.wp-block-kadence-advancedheading.kt-adv-heading_840096-25, .wp-block-kadence-advancedheading.kt-adv-heading_840096-25[data-kb-block=\"kb-adv-heading_840096-25\"]{margin-bottom:20px;font-style:normal;}.wp-block-kadence-advancedheading.kt-adv-heading_840096-25 mark, .wp-block-kadence-advancedheading.kt-adv-heading_840096-25[data-kb-block=\"kb-adv-heading_840096-25\"] mark{font-style:normal;color:#f76a0c;padding-top:0px;padding-right:0px;padding-bottom:0px;padding-left:0px;}@media all and (max-width: 1024px){.wp-block-kadence-advancedheading.kt-adv-heading_840096-25, .wp-block-kadence-advancedheading.kt-adv-heading_840096-25[data-kb-block=\"kb-adv-heading_840096-25\"]{text-align:center!important;}}@media all and (max-width: 767px){.wp-block-kadence-advancedheading.kt-adv-heading_840096-25, .wp-block-kadence-advancedheading.kt-adv-heading_840096-25[data-kb-block=\"kb-adv-heading_840096-25\"]{font-size:20px;text-align:center!important;}}<\/style>\n<h2 class=\"kt-adv-heading_840096-25 wp-block-kadence-advancedheading\" data-kb-block=\"kb-adv-heading_840096-25\">Z\u0142\u00f3\u017c intencj\u0119 za jak\u0105 chcesz aby\u015bmy si\u0119 modlili.<\/h2>\n<\/div><\/div>\n\n\n<style>.kadence-column_cfcd50-c4, .kt-inside-inner-col > .kadence-column_cfcd50-c4:not(.specificity){margin-right:0px;margin-left:60px;}.kadence-column_cfcd50-c4 > .kt-inside-inner-col{padding-top:40px;padding-right:10px;padding-bottom:40px;padding-left:10px;}.kadence-column_cfcd50-c4 > .kt-inside-inner-col,.kadence-column_cfcd50-c4 > .kt-inside-inner-col:before{border-top-left-radius:0px;border-top-right-radius:0px;border-bottom-right-radius:0px;border-bottom-left-radius:0px;}.kadence-column_cfcd50-c4 > .kt-inside-inner-col{justify-content:center;flex-direction:column;display:flex;}.kadence-column_cfcd50-c4 > .kt-inside-inner-col > .aligncenter{width:100%;}.kt-row-column-wrap > .kadence-column_cfcd50-c4{align-self:center;}.kt-inner-column-height-full:not(.kt-has-1-columns) > .wp-block-kadence-column.kadence-column_cfcd50-c4{align-self:auto;}.kt-inner-column-height-full:not(.kt-has-1-columns) > .wp-block-kadence-column.kadence-column_cfcd50-c4 > .kt-inside-inner-col{display:flex;flex-direction:column;justify-content:center;}.kadence-column_cfcd50-c4 > .kt-inside-inner-col:before{opacity:0.3;}.kadence-column_cfcd50-c4{position:relative;}@media all and (max-width: 1024px){.kadence-column_cfcd50-c4, .kt-inside-inner-col > .kadence-column_cfcd50-c4:not(.specificity){margin-right:0px;margin-left:0px;}}@media all and (max-width: 1024px){.kadence-column_cfcd50-c4 > .kt-inside-inner-col{padding-top:20px;padding-right:0px;padding-bottom:0px;padding-left:0px;}}@media all and (max-width: 767px){.kadence-column_cfcd50-c4, .kt-inside-inner-col > .kadence-column_cfcd50-c4:not(.specificity){margin-right:0px;margin-left:0px;}.kadence-column_cfcd50-c4 > .kt-inside-inner-col{padding-top:20px;padding-right:20px;padding-bottom:20px;padding-left:20px;}}<\/style>\n<div class=\"wp-block-kadence-column kadence-column_cfcd50-c4 inner-column-2\"><div class=\"kt-inside-inner-col\"><style>.kadence-form-_0a0333-ed .kb-form .kadence-blocks-form-field{margin-bottom:10px;}.kadence-form-_0a0333-ed .kb-form .kadence-blocks-form-field{padding-right:15px;padding-left:15px;}.kadence-form-_0a0333-ed .kb-form{margin-right:-15px;margin-left:-15px;}.kadence-form-_0a0333-ed .kb-form .kadence-blocks-form-field .kb-text-style-field, .kadence-form-_0a0333-ed .kb-form .kadence-blocks-form-field .kb-select-style-field{color:var(--global-palette3, #1A202C);border-radius:0px;border-width:0px 0px 2px 0px;background:rgba(0, 0, 0, 0);border-color:var(--global-palette7, #EDF2F7);}.kadence-form-_0a0333-ed .kb-form .kadence-blocks-form-field > label{font-family:Prompt;font-style:normal;font-weight:500;padding-top:0px;padding-right:0px;padding-bottom:0px;padding-left:0px;}.kadence-form-_0a0333-ed .kb-form .kadence-blocks-form-field .kb-forms-submit{color:#ffffff;}.kadence-form-_0a0333-ed .kb-form .kadence-blocks-form-field .kb-forms-submit:hover, .kadence-form-_0a0333-ed .kb-form .kadence-blocks-form-field .kb-forms-submit:focus {color:#ffffff;}.kadence-form-_0a0333-ed .kb-form .kadence-blocks-form-field .kb-forms-submit{text-transform:capitalize;font-family:Prompt;font-style:normal;font-weight:500;}@media all and (max-width: 767px){.kadence-form-_0a0333-ed .kb-form .kadence-blocks-form-field .kb-forms-submit{margin-top:20px;}}<\/style>\n<div class=\"wp-block-kadence-form kadence-form-_0a0333-ed kb-form-wrap\"><form class=\"kb-form\" action=\"\" method=\"post\"><div class=\"kadence-blocks-form-field kb-field-desk-width-50 kb-field-mobile-width-25 kb-input-size-standard\"><label for=\"kb_field__0a0333-ed_0\">Imi\u0119<\/label><input name=\"kb_field_0\" id=\"kb_field__0a0333-ed_0\" data-label=\"Imi\u0119\" type=\"text\" placeholder=\"\" value=\"\" data-type=\"text\" class=\"kb-field kb-text-style-field kb-text-field kb-field-0\" autocomplete=\"name\"\/><span class=\"kb-field-help\">Twoje imi\u0119<\/span><\/div><div class=\"kadence-blocks-form-field kb-form-field-1 kb-field-desk-width-50 kb-field-mobile-width-100 kb-input-size-standard\"><label for=\"kb_field__0a0333-ed_1\">Email<span class=\"required\">*<\/span><\/label><input name=\"kb_field_1\" id=\"kb_field__0a0333-ed_1\" data-label=\"Email\" type=\"email\" placeholder=\"\" value=\"\" data-type=\"email\" class=\"kb-field kb-text-style-field kb-email-field kb-field-1\" autocomplete=\"email\" data-required=\"yes\" data-required-message=\"Podaj adres email\" data-validation-message=\"Podaj prawid\u0142owy adres email\"\/><span class=\"kb-field-help\">Adres email<\/span><\/div><div class=\"kadence-blocks-form-field kb-form-field-2 kb-field-desk-width-100 kb-input-size-standard\"><label for=\"kb_field__0a0333-ed_2\">Wiadomo\u015b\u0107<span class=\"required\">*<\/span><\/label><textarea name=\"kb_field_2\" id=\"kb_field__0a0333-ed_2\" data-label=\"Wiadomo\u015b\u0107\" type=\"textarea\" placeholder=\"\" data-type=\"textarea\" class=\"kb-field kb-text-style-field kb-textarea-field kb-field-2\" rows=\"4\" data-required=\"yes\"><\/textarea><span class=\"kb-field-help\">Tre\u015b\u0107 wiadomo\u015bci<\/span><\/div><input type=\"hidden\" name=\"_kb_form_id\" value=\"_0a0333-ed\"\/><input type=\"hidden\" name=\"_kb_form_post_id\" value=\"706\"\/><input type=\"hidden\" name=\"action\" value=\"kb_process_ajax_submit\"\/><input class=\"kadence-blocks-field verify\" type=\"text\" name=\"_kb_verify_email\" autocomplete=\"new-password\" aria-hidden=\"true\" placeholder=\"Email\" tabindex=\"-1\" data-1p-ignore=\"true\" data-lpignore=\"true\" \/><div class=\"kadence-blocks-form-field kb-submit-field kb-field-desk-width-100\"><span id=\"kb_submit_label__0a0333-ed\" class=\"screen-reader-text kb-submit-desc-label\">WY\u015aLIJ<\/span><button aria-describedby=\"kb_submit_label__0a0333-ed\" class=\"kb-forms-submit button kb-button-size-large kb-button-width-full\">Wy\u015blij<\/button><\/div><\/form><\/div>\n<noscript><div class=\"kadence-blocks-form-message kadence-blocks-form-warning\">Please enable JavaScript in your browser to submit the form<\/div><style>.kadence-form-_0a0333-ed .kadence-blocks-form-field.kb-submit-field { display: none; }<\/style><\/noscript><\/div><\/div>\n\n<\/div><\/div>\n\n<style>.kb-row-layout-id_7291d5-28 > .kt-row-column-wrap{align-content:start;}:where(.kb-row-layout-id_7291d5-28 > .kt-row-column-wrap) > .wp-block-kadence-column{justify-content:start;}.kb-row-layout-id_7291d5-28 > .kt-row-column-wrap{column-gap:var(--global-kb-gap-md, 2rem);row-gap:var(--global-kb-gap-md, 2rem);max-width:var( --global-content-width, 1290px );padding-left:var(--global-content-edge-padding);padding-right:var(--global-content-edge-padding);padding-top:80px;padding-right:20px;padding-bottom:80px;padding-left:20px;grid-template-columns:minmax(0, 1fr);}.kb-row-layout-id_7291d5-28 > .kt-row-layout-overlay{opacity:0.30;}@media all and (max-width: 1024px){.kb-row-layout-id_7291d5-28 > .kt-row-column-wrap{padding-top:60px;padding-right:150px;padding-bottom:60px;padding-left:150px;grid-template-columns:minmax(0, 1fr);}}@media all and (max-width: 767px){.kb-row-layout-id_7291d5-28 > .kt-row-column-wrap{padding-top:40px;padding-right:20px;padding-bottom:40px;padding-left:20px;grid-template-columns:minmax(0, 1fr);}}<\/style><div class=\"kb-row-layout-wrap kb-row-layout-id_7291d5-28 alignnone has-theme-palette8-background-color kt-row-has-bg wp-block-kadence-rowlayout\"><div class=\"kt-row-column-wrap kt-has-1-columns kt-row-layout-equal kt-tab-layout-inherit kt-mobile-layout-row kt-row-valign-top kb-theme-content-width\">\n<style>.kadence-column_bada97-e9 > .kt-inside-inner-col,.kadence-column_bada97-e9 > .kt-inside-inner-col:before{border-top-left-radius:0px;border-top-right-radius:0px;border-bottom-right-radius:0px;border-bottom-left-radius:0px;}.kadence-column_bada97-e9 > .kt-inside-inner-col:before{opacity:0.3;}.kadence-column_bada97-e9{position:relative;}<\/style>\n<div class=\"wp-block-kadence-column kadence-column_bada97-e9 inner-column-1\"><div class=\"kt-inside-inner-col\"><\/div><\/div>\n\n<\/div><\/div>","protected":false},"excerpt":{"rendered":"<p>Sk\u0142adanie intencji Z\u0142\u00f3\u017c intencj\u0119 za jak\u0105 chcesz aby\u015bmy si\u0119 modlili.<\/p>\n","protected":false},"author":1,"featured_media":0,"parent":0,"menu_order":0,"comment_status":"closed","ping_status":"closed","template":"","meta":{"_uag_custom_page_level_css":"","_kad_post_transparent":"","_kad_post_title":"default","_kad_post_layout":"default","_kad_post_sidebar_id":"","_kad_post_content_style":"unboxed","_kad_post_vertical_padding":"hide","_kad_post_feature":"hide","_kad_post_feature_position":"","_kad_post_header":false,"_kad_post_footer":false,"footnotes":""},"class_list":["post-706","page","type-page","status-publish","hentry"],"uagb_featured_image_src":{"full":false,"thumbnail":false,"medium":false,"medium_large":false,"large":false,"1536x1536":false,"2048x2048":false},"uagb_author_info":{"display_name":"admin","author_link":"https:\/\/effathastaniatki.ovh\/?author=1"},"uagb_comment_info":0,"uagb_excerpt":"Sk\u0142adanie intencji Z\u0142\u00f3\u017c intencj\u0119 za jak\u0105 chcesz aby\u015bmy si\u0119 modlili.","_links":{"self":[{"href":"https:\/\/effathastaniatki.ovh\/index.php?rest_route=\/wp\/v2\/pages\/706","targetHints":{"allow":["GET"]}}],"collection":[{"href":"https:\/\/effathastaniatki.ovh\/index.php?rest_route=\/wp\/v2\/pages"}],"about":[{"href":"https:\/\/effathastaniatki.ovh\/index.php?rest_route=\/wp\/v2\/types\/page"}],"author":[{"embeddable":true,"href":"https:\/\/effathastaniatki.ovh\/index.php?rest_route=\/wp\/v2\/users\/1"}],"replies":[{"embeddable":true,"href":"https:\/\/effathastaniatki.ovh\/index.php?rest_route=%2Fwp%2Fv2%2Fcomments&post=706"}],"version-history":[{"count":22,"href":"https:\/\/effathastaniatki.ovh\/index.php?rest_route=\/wp\/v2\/pages\/706\/revisions"}],"predecessor-version":[{"id":1242,"href":"https:\/\/effathastaniatki.ovh\/index.php?rest_route=\/wp\/v2\/pages\/706\/revisions\/1242"}],"wp:attachment":[{"href":"https:\/\/effathastaniatki.ovh\/index.php?rest_route=%2Fwp%2Fv2%2Fmedia&parent=706"}],"curies":[{"name":"wp","href":"https:\/\/api.w.org\/{rel}","templated":true}]}}