{"id":759,"date":"2022-10-04T12:47:33","date_gmt":"2022-10-04T12:47:33","guid":{"rendered":"http:\/\/nowa.effathastaniatki.pl\/?page_id=759"},"modified":"2023-09-13T14:06:30","modified_gmt":"2023-09-13T14:06:30","slug":"statut","status":"publish","type":"page","link":"https:\/\/effathastaniatki.ovh\/?page_id=759","title":{"rendered":"Statut"},"content":{"rendered":"\n<!DOCTYPE  html PUBLIC \"-\/\/W3C\/\/DTD XHTML 1.0 Transitional\/\/EN\" \"http:\/\/www.w3.org\/TR\/xhtml1\/DTD\/xhtml1-transitional.dtd\">\n<html xmlns=\"http:\/\/www.w3.org\/1999\/xhtml\" xml:lang=\"pl\" lang=\"pl\"><head><meta http-equiv=\"Content-Type\" content=\"text\/html; charset=utf-8\"\/><title>Microsoft Word &#8211; Statut effatha<\/title><meta name=\"author\" content=\"lukasz.skrzypek\"\/><style type=\"text\/css\"> * {margin:0; padding:0; text-indent:0; }\n h1 { color: black; font-family:\"Montserrat\", serif; font-style: normal; font-weight: bold; text-decoration: none; font-size: 16px; }\n .p, p { color: black; font-family:\"Montserrat\", serif; font-style: normal; font-weight: normal; text-decoration: none; font-size: 14px; margin:0pt; }\n li {display: block; }\n #l1 {padding-left: 1pt; }\n #l1> li>*:first-child:before {content: \"- \"; color: black; font-family:Symbol, serif; font-style: normal; font-weight: normal; text-decoration: none; }\n<\/style><\/head><body><h1 style=\"padding-left: 5pt;text-indent: 0pt;text-align: center;\">STATUT WSP\u00d3LNOTY EFFATHA<\/h1><p style=\"text-indent: 0pt;text-align: left;\"><br\/><\/p><h1 style=\"padding-left: 5pt;text-indent: 0pt;text-align: justify;\">WSP\u00d3LNOTA Effatha jest wsp\u00f3lnot\u0105 modlitewno \u2013 ewangelizacyjn\u0105, kt\u00f3ra zosta\u0142a powo\u0142ana do istnienia 28 czerwca 2016 roku w ko\u015bciele si\u00f3str Benedyktynek w Stani\u0105tkach. Zrodzi\u0142a si\u0119 z pragnienia wielu os\u00f3b, kt\u00f3re uczestniczy\u0142y w Seminarium Odnowy Wiary. Wsp\u00f3lnot\u0119 tworz\u0105 osoby \u015bwieckie i duchowne.<\/h1><p style=\"padding-top: 6pt;padding-left: 5pt;text-indent: 0pt;text-align: justify;\">Wsp\u00f3lnota  jest  cz\u0119\u015bci\u0105  O\u015brodka  Duszpasterskiego  w  Stani\u0105tkach.  Jest podporz\u0105dkowana Dyrektorowi O\u015brodka, kap\u0142anowi odpowiedzialnemu za Wsp\u00f3lnot\u0119.<\/p><p style=\"text-indent: 0pt;text-align: left;\"><\/p><h1 style=\"padding-top: 10pt;padding-left: 5pt;text-indent: 0pt;text-align: left;\">Cele Wsp\u00f3lnoty<\/h1><ul id=\"l1\"><li data-list-text=\"\uf0b7\"><p style=\"padding-top: 6pt;padding-left: 41pt;text-indent: -18pt;text-align: left;\">nieustanne nawracanie si\u0119 ku Jezusowi i wielbienie Go, s\u0142uchanie Jego s\u0142owa<\/p><\/li><li data-list-text=\"\uf0b7\"><p style=\"padding-top: 5pt;padding-left: 41pt;text-indent: -18pt;text-align: left;\">otwarcie si\u0119 na dzia\u0142anie Ducha \u015awi\u0119tego<\/p><\/li><li data-list-text=\"\uf0b7\"><p style=\"padding-top: 6pt;padding-left: 41pt;text-indent: -18pt;text-align: left;\">g\u0142oszenie Ewangelii s\u0142owem i czynem we wsp\u00f3lnocie parafialnej i poza ni\u0105<\/p><\/li><li data-list-text=\"\uf0b7\"><p style=\"padding-top: 5pt;padding-left: 41pt;text-indent: -18pt;text-align: justify;\">odnawianie i umacnianie cz\u0142onk\u00f3w wsp\u00f3lnoty poprzez modlitw\u0119 wsp\u00f3lnotow\u0105 i osobist\u0105<\/p><\/li><li data-list-text=\"\uf0b7\"><p style=\"padding-top: 5pt;padding-left: 41pt;text-indent: -18pt;text-align: justify;\">podejmowanie pos\u0142ugi oraz dzie\u0142 ewangelizacyjnych w Ko\u015bciele Katolickim poprzez rozwijanie otrzymanych dar\u00f3w i charyzmat\u00f3w Ducha \u015awi\u0119tego poprzez czynne w\u0142\u0105czenie si\u0119 w \u017cycie O\u015brodka Duszpasterskiego w Stani\u0105tkach<\/p><p style=\"text-indent: 0pt;text-align: left;\"><\/p><h1 style=\"padding-top: 10pt;padding-left: 5pt;text-indent: 0pt;text-align: left;\">Zadania Wsp\u00f3lnoty<\/h1><\/li><li data-list-text=\"\uf0b7\"><p style=\"padding-top: 6pt;padding-left: 41pt;text-indent: -18pt;text-align: left;\">organizowanie spotka\u0144 modlitewnych;<\/p><\/li><li data-list-text=\"\uf0b7\"><p style=\"padding-top: 6pt;padding-left: 41pt;text-indent: -18pt;text-align: left;\">organizowanie spotka\u0144 promuj\u0105cych kultur\u0119 chrze\u015bcija\u0144sk\u0105;<\/p><\/li><li data-list-text=\"\uf0b7\"><p style=\"padding-top: 5pt;padding-left: 41pt;text-indent: -18pt;text-align: left;\">organizowanie rekolekcji i kurs\u00f3w;<\/p><\/li><li data-list-text=\"\uf0b7\"><p style=\"padding-top: 6pt;padding-left: 41pt;text-indent: -18pt;text-align: left;\">animacja liturgii eucharystii niedzielnej<\/p><\/li><li data-list-text=\"\uf0b7\"><p style=\"padding-top: 5pt;padding-left: 41pt;text-indent: -18pt;text-align: left;\">wspierania rodzin O\u015brodka Duszpasterskiego<\/p><\/li><li data-list-text=\"\uf0b7\"><p style=\"padding-top: 5pt;padding-left: 41pt;text-indent: -18pt;text-align: left;\">cz\u0142onkowie Wsp\u00f3lnoty podejmuj\u0105 s\u0142u\u017cb\u0119 we wsp\u00f3lnocie parafialnej w ramach diakonii: uwielbienia, wstawienniczej, muzycznej, r\u00f3\u017cy r\u00f3\u017ca\u0144cowej<\/p><p style=\"text-indent: 0pt;text-align: left;\"><\/p><h1 style=\"padding-top: 10pt;padding-left: 5pt;text-indent: 0pt;text-align: left;\">Duszpasterz Wsp\u00f3lnoty<\/h1><\/li><li data-list-text=\"\uf0b7\"><p style=\"padding-top: 5pt;padding-left: 41pt;text-indent: -18pt;text-align: left;\">jest delegowany do pe\u0142nienia tej funkcji przez kap\u0142ana, Dyrektora O\u015brodka Duszpasterskiego w Stani\u0105tkach<\/p><\/li><li data-list-text=\"\uf0b7\"><p style=\"padding-top: 5pt;padding-left: 41pt;text-indent: -18pt;text-align: left;\">czuwa nad pos\u0142ug\u0105 lidera i os\u00f3b odpowiedzialnych, animator\u00f3w oraz diakoni, oraz ca\u0142\u0105 Wsp\u00f3lnot\u0105<\/p><\/li><li data-list-text=\"\uf0b7\"><p style=\"padding-top: 6pt;padding-left: 41pt;text-indent: -18pt;text-align: left;\">ukierunkowuje rozw\u00f3j i formacj\u0119 wsp\u00f3lnoty<\/p><\/li><li data-list-text=\"\uf0b7\"><p style=\"padding-top: 6pt;padding-left: 41pt;text-indent: -18pt;text-align: left;\">jest odpowiedzialny za formacje animator\u00f3w i odpowiedzialnych<\/p><\/li><li data-list-text=\"\uf0b7\"><p style=\"padding-top: 3pt;padding-left: 41pt;text-indent: -18pt;text-align: left;\">dopuszcza osoby \u015bwieckie do g\u0142oszenia i dba aby tre\u015bci przez nich g\u0142oszone by\u0142y zgodne z nauczaniem Ko\u015bcio\u0142a<\/p><\/li><li data-list-text=\"\uf0b7\"><p style=\"padding-top: 6pt;padding-left: 41pt;text-indent: -18pt;text-align: left;\">pomaga w rozwi\u0105zywaniu problem\u00f3w dotycz\u0105cych wiary<\/p><\/li><li data-list-text=\"\uf0b7\"><p style=\"padding-top: 6pt;padding-left: 41pt;text-indent: -18pt;text-align: left;\">dba o jedno\u015b\u0107 we wsp\u00f3lnocie<\/p><\/li><li data-list-text=\"\uf0b7\"><p style=\"padding-top: 5pt;padding-left: 41pt;text-indent: -18pt;text-align: left;\">sprawuje sakramenty: eucharystii oraz pokuty i pojednania<\/p><\/li><li data-list-text=\"\uf0b7\"><p style=\"padding-top: 6pt;padding-left: 41pt;text-indent: -18pt;text-align: left;\">nale\u017cy do grona odpowiedzialnych<\/p><\/li><li data-list-text=\"\uf0b7\"><p style=\"padding-top: 5pt;padding-left: 41pt;text-indent: -18pt;text-align: left;\">kap\u0142an akceptuje b\u0105d\u017a nie, wyb\u00f3r lidera<\/p><\/li><li data-list-text=\"\uf0b7\"><p style=\"padding-top: 6pt;padding-left: 41pt;text-indent: -18pt;text-align: left;\">odpowiedzialny przed Dyrektorem O\u015brodka Duszpasterskiego<\/p><p style=\"text-indent: 0pt;text-align: left;\"><\/p><h1 style=\"padding-top: 10pt;padding-left: 5pt;text-indent: 0pt;text-align: left;\">Lider Wsp\u00f3lnoty<\/h1><\/li><li data-list-text=\"\uf0b7\"><p style=\"padding-top: 5pt;padding-left: 41pt;text-indent: -18pt;text-align: left;\">jest  wybierany  w drodze  g\u0142osowania, nad przebiegiem kt\u00f3rego  czuwa duszpasterz wsp\u00f3lnoty<\/p><\/li><li data-list-text=\"\uf0b7\"><p style=\"padding-top: 6pt;padding-left: 41pt;text-indent: -18pt;text-align: left;\">\u015bci\u015ble wsp\u00f3\u0142pracuje z duszpasterzem wsp\u00f3lnoty<\/p><\/li><li data-list-text=\"\uf0b7\"><p style=\"padding-top: 5pt;padding-left: 41pt;text-indent: -18pt;text-align: left;\">jest odpowiedzialny koordynowanie dzia\u0142alno\u015bci wsp\u00f3lnoty<\/p><\/li><li data-list-text=\"\uf0b7\"><p style=\"padding-top: 6pt;padding-left: 41pt;text-indent: -18pt;text-align: left;\">wsp\u00f3\u0142decyduje o formacji os\u00f3b we wsp\u00f3lnocie<\/p><\/li><li data-list-text=\"\uf0b7\"><p style=\"padding-top: 5pt;padding-left: 41pt;text-indent: -18pt;text-align: left;\">razem z odpowiedzialnymi za Wsp\u00f3lnot\u0119 rozeznaje pe\u0142nienie pos\u0142ug we wsp\u00f3lnocie jak r\u00f3wnie\u017c profiluje dzia\u0142alno\u015b\u0107 wsp\u00f3lnoty<\/p><\/li><li data-list-text=\"\uf0b7\"><p style=\"padding-top: 6pt;padding-left: 41pt;text-indent: -18pt;text-align: left;\">decyduje o przeprowadzanych kursach, rekolekcjach<\/p><\/li><li data-list-text=\"\uf0b7\"><p style=\"padding-top: 5pt;padding-left: 41pt;text-indent: -18pt;text-align: left;\">jest po\u015brednikiem w kontaktach z innymi wsp\u00f3lnotami w diecezji krakowskiej i poza ni\u0105<\/p><\/li><li data-list-text=\"\uf0b7\"><p style=\"padding-top: 6pt;padding-left: 41pt;text-indent: -18pt;text-align: left;\">kadencja lidera trwa 3 lata<\/p><\/li><li data-list-text=\"\uf0b7\"><p style=\"padding-top: 6pt;padding-left: 41pt;text-indent: -18pt;text-align: left;\">lider mo\u017ce zosta\u0107 odwo\u0142any wsp\u00f3ln\u0105 decyzj\u0105 kap\u0142ana i os\u00f3b odpowiedzialnych<\/p><\/li><li data-list-text=\"\uf0b7\"><p style=\"padding-top: 5pt;padding-left: 41pt;text-indent: -18pt;text-align: left;\">lider mo\u017ce sam zrezygnowa\u0107 z pe\u0142nienia pos\u0142ugi przed ko\u0144cem kadencji<\/p><p style=\"text-indent: 0pt;text-align: left;\"><\/p><h1 style=\"padding-left: 5pt;text-indent: 0pt;text-align: left;\">Odpowiedzialni za wsp\u00f3lnot\u0119<\/h1><\/li><li data-list-text=\"\uf0b7\"><p style=\"padding-top: 5pt;padding-left: 41pt;text-indent: -18pt;text-align: left;\">wsp\u00f3lnie z liderem i duszpasterzem Wsp\u00f3lnoty podejmuj\u0105 decyzje dotycz\u0105ce wsp\u00f3lnoty<\/p><\/li><li data-list-text=\"\uf0b7\"><p style=\"padding-top: 6pt;padding-left: 41pt;text-indent: -18pt;text-align: left;\">decyduj\u0105 o harmonogramie spotka\u0144 miesi\u0119cznych<\/p><\/li><li data-list-text=\"\uf0b7\"><p style=\"padding-top: 6pt;padding-left: 41pt;text-indent: -18pt;text-align: left;\">podejmuj\u0105 najwa\u017cniejsze decyzje i ustalaj\u0105 plany na kolejne lata wsp\u00f3lnoty<\/p><p style=\"text-indent: 0pt;text-align: left;\"><\/p><h1 style=\"padding-left: 5pt;text-indent: 0pt;text-align: left;\">Animatorzy grup<\/h1><\/li><li data-list-text=\"\uf0b7\"><p style=\"padding-top: 6pt;padding-left: 41pt;text-indent: -18pt;text-align: left;\">w pierwszym roku swojej pos\u0142ugi uczestnicz\u0105 w kursie dla animator\u00f3w<\/p><\/li><li data-list-text=\"\uf0b7\"><p style=\"padding-top: 5pt;padding-left: 41pt;text-indent: -18pt;text-align: left;\">dbaj\u0105 o prawid\u0142owy przebieg spotkania ma\u0142ych grup<\/p><\/li><li data-list-text=\"\uf0b7\"><p style=\"padding-top: 3pt;padding-left: 41pt;text-indent: -18pt;text-align: left;\">proponuj\u0105 pos\u0142ugi w grupie<\/p><\/li><li data-list-text=\"\uf0b7\"><p style=\"padding-top: 6pt;padding-left: 41pt;text-indent: -18pt;text-align: left;\">troszcz\u0105 si\u0119 o ka\u017cd\u0105 osob\u0119 w grupie<\/p><\/li><li data-list-text=\"\uf0b7\"><p style=\"padding-top: 6pt;padding-left: 41pt;text-indent: -18pt;text-align: left;\">wspieraj\u0105 modlitewnie uczestnik\u00f3w<\/p><\/li><li data-list-text=\"\uf0b7\"><p style=\"padding-top: 5pt;padding-left: 41pt;text-indent: -18pt;text-align: left;\">maj\u0105 istotny wp\u0142yw na powo\u0142anie nowych animator\u00f3w<\/p><p style=\"text-indent: 0pt;text-align: left;\"><\/p><h1 style=\"padding-left: 5pt;text-indent: 0pt;text-align: left;\">Wszyscy cz\u0142onkowi wsp\u00f3lnoty<\/h1><\/li><li data-list-text=\"\uf0b7\"><p style=\"padding-top: 5pt;padding-left: 41pt;text-indent: -18pt;text-align: left;\">dbaj\u0105  o  formacj\u0119  w\u0142asn\u0105  przez  czytanie  S\u0142owa  Bo\u017cego,  uczestnictwo w Eucharystii oraz spotkaniach w ma\u0142ych grupach<\/p><\/li><li data-list-text=\"\uf0b7\"><p style=\"padding-top: 6pt;padding-left: 41pt;text-indent: -18pt;text-align: left;\">uczestnicz\u0105  w  \u017cyciu  wsp\u00f3lnoty  poprzez  zaanga\u017cowanie  w  pos\u0142ugi poszczeg\u00f3lnych diakonii<\/p><\/li><li data-list-text=\"\uf0b7\"><p style=\"padding-top: 6pt;padding-left: 41pt;text-indent: -18pt;text-align: left;\">uczestnicz\u0105 w sta\u0142ej formacji poprzez regularny udzia\u0142 w cotygodniowych spotkaniach wsp\u00f3lnoty i liturgii<\/p><\/li><li data-list-text=\"\uf0b7\"><p style=\"padding-top: 5pt;padding-left: 41pt;text-indent: -18pt;text-align: left;\">bior\u0105 udzia\u0142 w kursach i rekolekcjach<\/p><\/li><li data-list-text=\"\uf0b7\"><p style=\"padding-top: 5pt;padding-left: 41pt;text-indent: -18pt;text-align: justify;\">rzeczywistym i formalnym aktem w\u0142\u0105czaj\u0105cym osob\u0119 do wsp\u00f3lnoty jest przyrzeczenie  sk\u0142adane  wobec  duszpasterza  i  zgromadzenia  wszystkich cz\u0142onk\u00f3w podczas specjalnego nabo\u017ce\u0144stwa<\/p><\/li><li data-list-text=\"\uf0b7\"><p style=\"padding-top: 6pt;padding-left: 41pt;text-indent: -18pt;text-align: justify;\">cz\u0142onkostwo we wsp\u00f3lnocie ustaje na skutek ustnej deklaracji o takiej decyzji z\u0142o\u017conej wobec lidera<\/p><\/li><li data-list-text=\"\uf0b7\"><p style=\"padding-top: 5pt;padding-left: 41pt;text-indent: -18pt;text-align: justify;\">cz\u0142onkowie wsp\u00f3lnoty reprezentuj\u0105cy wsp\u00f3lnot\u0119 na zewn\u0105trz, czyni\u0105 to za zgod\u0105 duszpasterza i po konsultacji z liderem<\/p><\/li><li data-list-text=\"\uf0b7\"><p style=\"padding-top: 5pt;padding-left: 41pt;text-indent: -18pt;text-align: justify;\">przynale\u017cno\u015b\u0107 do wsp\u00f3lnoty Effatha jest dobrowolna, a rezygnacja z niej nast\u0119puje po rozmowie z duszpasterzem<\/p><\/li><li data-list-text=\"\uf0b7\"><p style=\"padding-top: 6pt;padding-left: 41pt;text-indent: -18pt;text-align: justify;\">w wyniku notorycznego nieprzestrzegania statutu wsp\u00f3lnoty, osoba mo\u017ce by\u0107 zawieszona b\u0105d\u017a usuni\u0119ta ze wsp\u00f3lnoty wsp\u00f3ln\u0105 decyzj\u0105: duszpasterza, lidera oraz os\u00f3b odpowiedzialnych<\/p><\/li><li data-list-text=\"\uf0b7\"><p style=\"padding-top: 5pt;padding-left: 41pt;text-indent: -18pt;text-align: justify;\">ka\u017cdy cz\u0142onek wsp\u00f3lnoty ma prawo do proponowania r\u00f3\u017cnych form inicjatyw w zakresie formacji i ewangelizacji<\/p><p style=\"text-indent: 0pt;text-align: left;\"><\/p><h1 style=\"padding-left: 5pt;text-indent: 0pt;line-height: 16pt;text-align: justify;\">Formacja w ma\u0142ych grupach<\/h1><p style=\"padding-left: 5pt;text-indent: 0pt;text-align: justify;\">Spotkania w ma\u0142ych grupkach s\u0142u\u017c\u0105 bli\u017cszemu poznawaniu Boga i siebie nawzajem, Dzielimy si\u0119 wtedy S\u0142owem Bo\u017cym i do\u015bwiadczeniem odkrywania obecno\u015bci Boga w codziennym \u017cyciu. Nad formacj\u0105 grupki czuwa animator zaproszony do tej pos\u0142ugi przez Lidera Wsp\u00f3lnoty.<\/p><p style=\"padding-top: 6pt;padding-left: 5pt;text-indent: 0pt;text-align: justify;\">W spotkaniach ma\u0142ych grup obowi\u0105zuj\u0105 nast\u0119puj\u0105ce zasady:<\/p><\/li><li data-list-text=\"\uf0b7\"><p style=\"padding-top: 6pt;padding-left: 41pt;text-indent: -18pt;text-align: justify;\">cz\u0142onk\u00f3w \u201egrup dzielenia\u201d obowi\u0105zuje tajemnica w odniesieniu do tego, co jest wypowiadane w ma\u0142ych grupach<\/p><\/li><li data-list-text=\"\uf0b7\"><p style=\"padding-top: 6pt;padding-left: 41pt;text-indent: -18pt;text-align: justify;\">cz\u0142onkowie grup dzielenia przestrzegaj\u0105 wyznaczonego czasu wypowiedzi<\/p><\/li><li data-list-text=\"\uf0b7\"><p style=\"padding-top: 3pt;padding-left: 41pt;text-indent: -18pt;text-align: left;\">uczestnicy okazuj\u0105 pe\u0142ny szacunku w stosunku do innych uczestnik\u00f3w spotkania, nie komentuj\u0105, nie os\u0105dzaj\u0105 i nie krytykuj\u0105 innych<\/p><\/li><li data-list-text=\"\uf0b7\"><p style=\"padding-top: 6pt;padding-left: 41pt;text-indent: -18pt;text-align: left;\">uczestnicy s\u0105 pos\u0142uszni animatorowi oraz liderowi we wszystkich decyzjach podj\u0119tych we wsp\u00f3lnocie<\/p><\/li><li data-list-text=\"\uf0b7\"><p style=\"padding-top: 5pt;padding-left: 41pt;text-indent: -18pt;text-align: left;\">osoby uci\u0105\u017cliwe dla innych i nie stosuj\u0105ce si\u0119 do powy\u017cszych zalece\u0144 mog\u0105 by\u0107 poproszone o opuszczenie spotkania<\/p><\/li><\/ul><p style=\"text-indent: 0pt;text-align: left;\"><\/p><h1 style=\"padding-top: 9pt;padding-left: 5pt;text-indent: 0pt;line-height: 16pt;text-align: justify;\">Diakonia wstawiennicza<\/h1><p style=\"padding-top: 5pt;padding-left: 5pt;text-indent: 0pt;text-align: justify;\">Diakonia sk\u0142ada si\u0119 z os\u00f3b nazywanych \u201ewystawiennikami\u201d, kt\u00f3rzy modl\u0105 si\u0119 w intencjach wsp\u00f3lnoty oraz innych, o kt\u00f3re prosz\u0105 poszczeg\u00f3lne osoby. O modlitw\u0119 wstawiennicz\u0105 mo\u017ce poprosi\u0107 ka\u017cdy, kto ma tak\u0105 potrzeb\u0119. Wystawiennicy pos\u0142uguj\u0105 modlitw\u0105 na kursach, oraz tam gdzie zostan\u0105 o to wyra\u017anie poproszeni. Wystawiennicy modl\u0105 si\u0119 przed ka\u017cdym spotkaniem wsp\u00f3lnoty. Modlitwa wstawiennicza pomaga uczestnikom w otwarciu si\u0119 na obecno\u015b\u0107 \u017cywego Boga i Jego dzia\u0142anie.<\/p><\/p><p style=\"text-indent: 0pt;text-align: left;\"><\/p><h1 style=\"padding-top: 10pt;padding-left: 5pt;text-indent: 0pt;text-align: justify;\">Diakonia uwielbienia<\/h1><p style=\"padding-top: 5pt;padding-left: 5pt;text-indent: 0pt;text-align: justify;\">Przygotowuje spotkania modlitewne. Prowadzi innych w modlitwie. Wielbi\u0105c Boga zanurza nas w Obecno\u015bci Boga. Modlitwa uwielbienia pog\u0142\u0119bia nasz\u0105 relacj\u0119 z Tr\u00f3jc\u0105 \u015awi\u0119t\u0105. Skierowuje nas ku Bogu Ojcu, przez Chrystusa w Duchu \u015awi\u0119tym. Pomaga skupi\u0107 si\u0119 tylko na Bogu, zapomina\u0107 o sobie, by On m\u00f3g\u0142 wzrasta\u0107 w nas, przemienia\u0107 nasze \u017cycie, uzdrawia\u0107 i uwalnia\u0107, a tak\u017ce radowa\u0107 si\u0119 w Bogu zgodnie ze s\u0142owami psalmisty: \u201eRaduj si\u0119 w Panu, a On spe\u0142ni pragnienia twego serca\u201d (Ps 37.4) Diakonia uwielbienia \u015bci\u015ble wsp\u00f3\u0142pracuje z diakoni\u0105 muzyczn\u0105.<\/p><p style=\"text-indent: 0pt;text-align: left;\"><\/p><h1 style=\"padding-top: 10pt;padding-left: 5pt;text-indent: 0pt;text-align: justify;\">Diakonia muzyczna<\/h1><p style=\"padding-top: 6pt;padding-left: 5pt;text-indent: 0pt;text-align: justify;\">\u015aw. Augustyn napisa\u0142: \u201eKto \u015bpiewa ten dwa razy si\u0119 modli\u201d, dlatego te\u017c diakonia muzyczna dba o opraw\u0119 muzyczn\u0105 liturgii eucharystii, wsp\u00f3lnotowych spotka\u0144 modlitewnych oraz innych przedsi\u0119wzi\u0119\u0107 ewangelizacyjnych i duszpasterskich w parafii.<\/p><p style=\"text-indent: 0pt;text-align: left;\"><\/p><h1 style=\"padding-top: 10pt;padding-left: 5pt;text-indent: 0pt;text-align: justify;\">Diakonia techniczna<\/h1><p style=\"padding-top: 6pt;padding-left: 5pt;text-indent: 0pt;text-align: justify;\">Zapewnia obs\u0142ug\u0119 techniczn\u0105 podczas zebra\u0144 wsp\u00f3lnoty: spotka\u0144 modlitewnych oraz kurs\u00f3w, rekolekcji i innych przedsi\u0119wzi\u0119\u0107 ewangelizacyjnych i duszpasterskich w parafii.<\/p><p style=\"text-indent: 0pt;text-align: left;\"><\/p><h1 style=\"padding-top: 10pt;padding-left: 5pt;text-indent: 0pt;text-align: justify;\">Finanse wsp\u00f3lnoty<\/h1><p style=\"padding-top: 6pt;padding-left: 5pt;text-indent: 0pt;text-align: justify;\">Wsp\u00f3lnota nie prowadzi \u017cadnej dzia\u0142alno\u015bci gospodarczej. Skarbnik w rozs\u0105dny i przemy\u015blany spos\u00f3b rozporz\u0105dza pieni\u0119dzmi, kt\u00f3re pochodz\u0105 z dobrowolnych sk\u0142adekcz\u0142onk\u00f3w wsp\u00f3lnoty. Rozliczenie przychod\u00f3w i wydatk\u00f3w jest jawne i mo\u017cliwe do wgl\u0105du dla ka\u017cdego z cz\u0142onk\u00f3w wsp\u00f3lnoty.<\/p><p style=\"text-indent: 0pt;text-align: left;\"><\/p><h1 style=\"padding-top: 10pt;padding-left: 5pt;text-indent: 0pt;text-align: justify;\">R\u00f3\u017ca R\u00f3\u017ca\u0144cowa<\/h1><p style=\"padding-top: 10pt;padding-left: 5pt;text-indent: 0pt;text-align: justify;\">W sk\u0142ad r\u00f3\u017cy r\u00f3\u017ca\u0144cowej wchodzi 20 os\u00f3b, kt\u00f3re codziennie modl\u0105 si\u0119 za ca\u0142\u0105 wsp\u00f3lnot\u0119 oraz kursy, rekolekcje i inne wa\u017cne wydarzenia wsp\u00f3lnoty. R\u00f3\u017ca r\u00f3\u017ca\u0144cowa wsp\u00f3lnoty nale\u017cy do parafialnych r\u00f3\u017c r\u00f3\u017ca\u0144cowych. Jej zadaniem jest modlitwa w og\u00f3lnych intencjach i szczeg\u00f3lnych wsp\u00f3lnoty.<\/p><p style=\"text-indent: 0pt;text-align: left;\"><\/p><p style=\"padding-top: 10pt;padding-left: 5pt;text-indent: 0pt;text-align: justify;\">Do diakoni mo\u017ce przyst\u0105pi\u0107 ka\u017cdy kto tego pragnie i rozezna\u0142 to w sobie i kt\u00f3ry do tej pos\u0142ugi zosta\u0142 wyznaczony. Przyst\u0105pienie do diakoni nale\u017cy zg\u0142osi\u0107 animatorowi.<\/p><\/body><\/html>\n","protected":false},"excerpt":{"rendered":"<p>Microsoft Word &#8211; Statut effatha STATUT WSP\u00d3LNOTY EFFATHA WSP\u00d3LNOTA Effatha jest wsp\u00f3lnot\u0105 modlitewno \u2013 ewangelizacyjn\u0105, kt\u00f3ra zosta\u0142a powo\u0142ana do istnienia 28 czerwca 2016 roku w ko\u015bciele si\u00f3str Benedyktynek w Stani\u0105tkach. Zrodzi\u0142a si\u0119 z pragnienia wielu os\u00f3b, kt\u00f3re uczestniczy\u0142y w Seminarium Odnowy Wiary. Wsp\u00f3lnot\u0119 tworz\u0105 osoby \u015bwieckie i duchowne. Wsp\u00f3lnota jest cz\u0119\u015bci\u0105 O\u015brodka Duszpasterskiego w Stani\u0105tkach&#8230;.<\/p>\n","protected":false},"author":1,"featured_media":0,"parent":0,"menu_order":0,"comment_status":"closed","ping_status":"closed","template":"","meta":{"_uag_custom_page_level_css":"","_kad_post_transparent":"","_kad_post_title":"hide","_kad_post_layout":"","_kad_post_sidebar_id":"","_kad_post_content_style":"","_kad_post_vertical_padding":"","_kad_post_feature":"","_kad_post_feature_position":"","_kad_post_header":false,"_kad_post_footer":false,"footnotes":""},"class_list":["post-759","page","type-page","status-publish","hentry"],"uagb_featured_image_src":{"full":false,"thumbnail":false,"medium":false,"medium_large":false,"large":false,"1536x1536":false,"2048x2048":false},"uagb_author_info":{"display_name":"admin","author_link":"https:\/\/effathastaniatki.ovh\/?author=1"},"uagb_comment_info":0,"uagb_excerpt":"Microsoft Word &#8211; Statut effatha STATUT WSP\u00d3LNOTY EFFATHA WSP\u00d3LNOTA Effatha jest wsp\u00f3lnot\u0105 modlitewno \u2013 ewangelizacyjn\u0105, kt\u00f3ra zosta\u0142a powo\u0142ana do istnienia 28 czerwca 2016 roku w ko\u015bciele si\u00f3str Benedyktynek w Stani\u0105tkach. Zrodzi\u0142a si\u0119 z pragnienia wielu os\u00f3b, kt\u00f3re uczestniczy\u0142y w Seminarium Odnowy Wiary. Wsp\u00f3lnot\u0119 tworz\u0105 osoby \u015bwieckie i duchowne. Wsp\u00f3lnota jest cz\u0119\u015bci\u0105 O\u015brodka Duszpasterskiego w Stani\u0105tkach....","_links":{"self":[{"href":"https:\/\/effathastaniatki.ovh\/index.php?rest_route=\/wp\/v2\/pages\/759","targetHints":{"allow":["GET"]}}],"collection":[{"href":"https:\/\/effathastaniatki.ovh\/index.php?rest_route=\/wp\/v2\/pages"}],"about":[{"href":"https:\/\/effathastaniatki.ovh\/index.php?rest_route=\/wp\/v2\/types\/page"}],"author":[{"embeddable":true,"href":"https:\/\/effathastaniatki.ovh\/index.php?rest_route=\/wp\/v2\/users\/1"}],"replies":[{"embeddable":true,"href":"https:\/\/effathastaniatki.ovh\/index.php?rest_route=%2Fwp%2Fv2%2Fcomments&post=759"}],"version-history":[{"count":16,"href":"https:\/\/effathastaniatki.ovh\/index.php?rest_route=\/wp\/v2\/pages\/759\/revisions"}],"predecessor-version":[{"id":1175,"href":"https:\/\/effathastaniatki.ovh\/index.php?rest_route=\/wp\/v2\/pages\/759\/revisions\/1175"}],"wp:attachment":[{"href":"https:\/\/effathastaniatki.ovh\/index.php?rest_route=%2Fwp%2Fv2%2Fmedia&parent=759"}],"curies":[{"name":"wp","href":"https:\/\/api.w.org\/{rel}","templated":true}]}}