{"id":765,"date":"2022-10-04T12:47:33","date_gmt":"2022-10-04T12:47:33","guid":{"rendered":"http:\/\/nowa.effathastaniatki.pl\/?page_id=765"},"modified":"2025-12-13T20:29:57","modified_gmt":"2025-12-13T20:29:57","slug":"diakonia","status":"publish","type":"page","link":"https:\/\/effathastaniatki.ovh\/?page_id=765","title":{"rendered":"Diakonia"},"content":{"rendered":"\n<div class=\"wp-block-uagb-container uagb-block-ca0a8b89 default uagb-is-root-container\">\n<div class=\"wp-block-uagb-container uagb-block-a89e616e\">\n<div class=\"wp-block-uagb-advanced-heading uagb-block-3ec04a74\"><h2 class=\"uagb-heading-text\"><strong>Diakonia modlitwy wstawienniczej<\/strong><\/h2><\/div>\n<\/div>\n\n\n\n<div class=\"wp-block-uagb-container uagb-block-f9af5a77\">\n<p style=\"font-size:20px\"><em>\u201eZapewniam Was: Je\u017celi dwaj spo\u015br\u00f3d Was zgodnie o co\u015b poprosz\u0105, otrzymaj\u0105 wszystko od mojego Ojca, kt\u00f3ry jest w niebie. Gdy\u017c tam, gdzie dwaj lub trzej zbieraj\u0105 si\u0119 w moje imi\u0119, jestem po\u015br\u00f3d nich\u201d&nbsp;(Mt 18,19-20)<\/em><\/p>\n\n\n\n<p class=\"has-text-align-left has-small-font-size\">Odpowiedzialny: \u0141ukasz<\/p>\n<\/div>\n<\/div>\n\n\n\n<hr class=\"wp-block-separator has-alpha-channel-opacity is-style-dots\"\/>\n\n\n\n<div class=\"wp-block-uagb-container uagb-block-b4ade0fb default uagb-is-root-container\">\n<div class=\"wp-block-uagb-container uagb-block-26dc680a\">\n<div class=\"wp-block-uagb-advanced-heading uagb-block-f7c46c9f\"><h2 class=\"uagb-heading-text\"><strong>Diakonia modlitwy uwielbienia<\/strong><\/h2><\/div>\n<\/div>\n\n\n\n<div class=\"wp-block-uagb-container uagb-block-adba56c3\">\n<p style=\"font-size:20px\"><em>\u201eRadujcie si\u0119 zawsze w Panu, raz jeszcze m\u00f3wi\u0119: radujcie si\u0119!&nbsp;O nic si\u0119 nie martwcie, lecz we wszystkim zano\u015bcie wasze pro\u015bby do Boga, modl\u0105c si\u0119 i b\u0142agaj\u0105c z dzi\u0119kczynieniem\u201d (Flp 4, 4-6)<\/em><\/p>\n\n\n\n<p class=\"has-small-font-size\">Odpowiedzialna: Kasia<\/p>\n<\/div>\n<\/div>\n\n\n\n<hr class=\"wp-block-separator has-alpha-channel-opacity is-style-dots\"\/>\n\n\n\n<div class=\"wp-block-uagb-container uagb-block-e71b3dff default uagb-is-root-container\">\n<div class=\"wp-block-uagb-container uagb-block-9ce48686\">\n<div class=\"wp-block-uagb-advanced-heading uagb-block-d1c566ea\"><h2 class=\"uagb-heading-text\"><strong>Diakonia muzyczna<\/strong><\/h2><\/div>\n<\/div>\n\n\n\n<div class=\"wp-block-uagb-container uagb-block-d8233fa6\">\n<p style=\"font-size:20px\"><em>\u201e\u2026Chwalcie Go d\u017awi\u0119kiem rogu, chwalcie lir\u0105 i cytr\u0105. Chwalcie Go b\u0119bnem i ta\u0144cem, chwalcie na strunach i flecie, Chwalcie Go na d\u017awi\u0119cznych cymba\u0142ach, chwalcie na cymba\u0142ach brz\u0119cznych\u2026\u201d (Ps.150)<\/em><\/p>\n\n\n\n<p class=\"has-small-font-size\">Odpowiedzialna: Dominika<\/p>\n<\/div>\n<\/div>\n\n\n\n<hr class=\"wp-block-separator has-alpha-channel-opacity is-style-dots\"\/>\n\n\n\n<div class=\"wp-block-uagb-container uagb-block-00e9fe65 default uagb-is-root-container\">\n<div class=\"wp-block-uagb-container uagb-block-d9af1bf9\">\n<div class=\"wp-block-uagb-advanced-heading uagb-block-d8e870c6\"><h2 class=\"uagb-heading-text\"><strong>Diakonia Techniczna<\/strong><\/h2><\/div>\n<\/div>\n\n\n\n<div class=\"wp-block-uagb-container uagb-block-42252808\">\n<p class=\"has-small-font-size\">Odpowiedzialny: Mateusz<\/p>\n<\/div>\n<\/div>\n\n\n\n<hr class=\"wp-block-separator has-alpha-channel-opacity is-style-dots\"\/>\n\n\n\n<div class=\"wp-block-uagb-container uagb-block-125ccf72 default uagb-is-root-container\">\n<div class=\"wp-block-uagb-container uagb-block-683c73ac\">\n<div class=\"wp-block-uagb-advanced-heading uagb-block-056f090b\"><h2 class=\"uagb-heading-text\"><strong>R\u00f3\u017ca R\u00f3\u017ca\u0144cowa<\/strong><\/h2><\/div>\n<\/div>\n\n\n\n<div class=\"wp-block-uagb-container uagb-block-cd846460\">\n<p style=\"font-size:20px\"><em>\u201eChcia\u0142abym aby\u015bcie ka\u017cdego dnia odmawiali r\u00f3\u017caniec\u2026\u201d&nbsp;(Fatima 13.06.1917)<br>\u201eR\u00f3\u017caniec nasz\u0105 si\u0142\u0105\u201d&nbsp;(Papie\u017c Franciszek)<\/em><\/p>\n\n\n\n<p class=\"has-small-font-size\">Odpowiedzialna: Magda<\/p>\n<\/div>\n<\/div>\n\n\n\n<hr class=\"wp-block-separator has-alpha-channel-opacity is-style-dots\"\/>\n\n\n\n<div class=\"wp-block-uagb-container uagb-block-576a850b default uagb-is-root-container\">\n<div class=\"wp-block-uagb-container uagb-block-851be44b\">\n<div class=\"wp-block-uagb-advanced-heading uagb-block-607697a6\"><h2 class=\"uagb-heading-text\"><strong>Odpowiedzialny za stron\u0119 internetow\u0105 wsp\u00f3lnoty:<\/strong><\/h2><\/div>\n<\/div>\n\n\n\n<div class=\"wp-block-uagb-container uagb-block-f8975fab\">\n<p class=\"has-small-font-size\">\u0141ukasz<\/p>\n<\/div>\n<\/div>\n\n\n\n<hr class=\"wp-block-separator has-alpha-channel-opacity is-style-dots\"\/>\n\n\n\n<div class=\"wp-block-uagb-container uagb-block-177b780c default uagb-is-root-container\">\n<div class=\"wp-block-uagb-container uagb-block-3424f33f\">\n<div class=\"wp-block-uagb-advanced-heading uagb-block-cdbad2cb\"><h2 class=\"uagb-heading-text\"><strong>Odpowiedzialny za przesy\u0142anie intencji dla diakonii wstawienniczej:<\/strong><\/h2><\/div>\n<\/div>\n\n\n\n<div class=\"wp-block-uagb-container uagb-block-f7fcdd7c\">\n<p class=\"has-small-font-size\">Marcin<\/p>\n<\/div>\n<\/div>\n\n\n\n<hr class=\"wp-block-separator has-alpha-channel-opacity is-style-wide\"\/>\n\n\n\n<div class=\"wp-block-uagb-advanced-heading uagb-block-6be5ca9f\"><h4 class=\"uagb-heading-text\">Diakonie maj\u0105 swoje spotkania w dniach, kt\u00f3re s\u0105 wyszczeg\u00f3lnione w kalendarzu wsp\u00f3lnoty. Ka\u017cdy mo\u017ce przyj\u015b\u0107, pomodli\u0107 si\u0119 lub poprosi\u0107 o modlitw\u0119.<\/h4><\/div>\n","protected":false},"excerpt":{"rendered":"<p>Diakonia modlitwy wstawienniczej \u201eZapewniam Was: Je\u017celi dwaj spo\u015br\u00f3d Was zgodnie o co\u015b poprosz\u0105, otrzymaj\u0105 wszystko od mojego Ojca, kt\u00f3ry jest w niebie. Gdy\u017c tam, gdzie dwaj lub trzej zbieraj\u0105 si\u0119 w moje imi\u0119, jestem po\u015br\u00f3d nich\u201d&nbsp;(Mt 18,19-20) Odpowiedzialny: \u0141ukasz Diakonia modlitwy uwielbienia \u201eRadujcie si\u0119 zawsze w Panu, raz jeszcze m\u00f3wi\u0119: radujcie si\u0119!&nbsp;O nic si\u0119 nie&#8230;<\/p>\n","protected":false},"author":1,"featured_media":0,"parent":0,"menu_order":0,"comment_status":"closed","ping_status":"closed","template":"","meta":{"_uag_custom_page_level_css":"","_kad_post_transparent":"","_kad_post_title":"","_kad_post_layout":"","_kad_post_sidebar_id":"","_kad_post_content_style":"","_kad_post_vertical_padding":"","_kad_post_feature":"","_kad_post_feature_position":"","_kad_post_header":false,"_kad_post_footer":false,"footnotes":""},"class_list":["post-765","page","type-page","status-publish","hentry"],"uagb_featured_image_src":{"full":false,"thumbnail":false,"medium":false,"medium_large":false,"large":false,"1536x1536":false,"2048x2048":false},"uagb_author_info":{"display_name":"admin","author_link":"https:\/\/effathastaniatki.ovh\/?author=1"},"uagb_comment_info":0,"uagb_excerpt":"Diakonia modlitwy wstawienniczej \u201eZapewniam Was: Je\u017celi dwaj spo\u015br\u00f3d Was zgodnie o co\u015b poprosz\u0105, otrzymaj\u0105 wszystko od mojego Ojca, kt\u00f3ry jest w niebie. Gdy\u017c tam, gdzie dwaj lub trzej zbieraj\u0105 si\u0119 w moje imi\u0119, jestem po\u015br\u00f3d nich\u201d&nbsp;(Mt 18,19-20) Odpowiedzialny: \u0141ukasz Diakonia modlitwy uwielbienia \u201eRadujcie si\u0119 zawsze w Panu, raz jeszcze m\u00f3wi\u0119: radujcie si\u0119!&nbsp;O nic si\u0119 nie...","_links":{"self":[{"href":"https:\/\/effathastaniatki.ovh\/index.php?rest_route=\/wp\/v2\/pages\/765","targetHints":{"allow":["GET"]}}],"collection":[{"href":"https:\/\/effathastaniatki.ovh\/index.php?rest_route=\/wp\/v2\/pages"}],"about":[{"href":"https:\/\/effathastaniatki.ovh\/index.php?rest_route=\/wp\/v2\/types\/page"}],"author":[{"embeddable":true,"href":"https:\/\/effathastaniatki.ovh\/index.php?rest_route=\/wp\/v2\/users\/1"}],"replies":[{"embeddable":true,"href":"https:\/\/effathastaniatki.ovh\/index.php?rest_route=%2Fwp%2Fv2%2Fcomments&post=765"}],"version-history":[{"count":54,"href":"https:\/\/effathastaniatki.ovh\/index.php?rest_route=\/wp\/v2\/pages\/765\/revisions"}],"predecessor-version":[{"id":1240,"href":"https:\/\/effathastaniatki.ovh\/index.php?rest_route=\/wp\/v2\/pages\/765\/revisions\/1240"}],"wp:attachment":[{"href":"https:\/\/effathastaniatki.ovh\/index.php?rest_route=%2Fwp%2Fv2%2Fmedia&parent=765"}],"curies":[{"name":"wp","href":"https:\/\/api.w.org\/{rel}","templated":true}]}}