{"id":988,"date":"2023-07-18T09:49:47","date_gmt":"2023-07-18T09:49:47","guid":{"rendered":"https:\/\/nowa.effathastaniatki.pl\/?page_id=988"},"modified":"2023-09-13T14:08:51","modified_gmt":"2023-09-13T14:08:51","slug":"spiewnik","status":"publish","type":"page","link":"https:\/\/effathastaniatki.ovh\/?page_id=988","title":{"rendered":"\u015apiewnik"},"content":{"rendered":"<style>.kb-row-layout-id_d362d2-a9 > .kt-row-column-wrap{align-content:start;}:where(.kb-row-layout-id_d362d2-a9 > .kt-row-column-wrap) > .wp-block-kadence-column{justify-content:start;}.kb-row-layout-id_d362d2-a9 > .kt-row-column-wrap{column-gap:var(--global-kb-gap-none, 0 );row-gap:var(--global-kb-gap-md, 2rem);max-width:var( --global-content-width, 1290px );padding-left:var(--global-content-edge-padding);padding-right:var(--global-content-edge-padding);padding-top:var(--global-kb-spacing-5xl, 10rem);padding-bottom:var(--global-kb-spacing-3xl, 6.5rem);grid-template-columns:minmax(0, 40%) minmax(0, 60%);}.kb-row-layout-id_d362d2-a9{background-image:url('https:\/\/nowa.effathastaniatki.pl\/wp-content\/uploads\/2023\/09\/hands_wide.png');background-size:cover;background-position:50% 50%;background-attachment:scroll;background-repeat:no-repeat;}.kb-row-layout-id_d362d2-a9 > .kt-row-layout-overlay{opacity:0.30;}@media all and (max-width: 1024px){.kb-row-layout-id_d362d2-a9 > .kt-row-column-wrap{column-gap:var(--global-kb-gap-none, 0 );grid-template-columns:minmax(0, 1fr);}}@media all and (max-width: 767px){.kb-row-layout-id_d362d2-a9 > .kt-row-column-wrap{grid-template-columns:minmax(0, 1fr);}}<\/style><div class=\"kb-row-layout-wrap kb-row-layout-id_d362d2-a9 alignfull kt-row-has-bg wp-block-kadence-rowlayout\"><div class=\"kt-row-column-wrap kt-has-2-columns kt-row-layout-equal kt-tab-layout-row kt-mobile-layout-row kt-row-valign-top kb-theme-content-width\">\n<style>.kadence-column_cc81ac-ce > .kt-inside-inner-col{padding-top:var(--global-kb-spacing-md, 2rem);padding-right:var(--global-kb-spacing-md, 2rem);padding-bottom:var(--global-kb-spacing-md, 2rem);padding-left:var(--global-kb-spacing-md, 2rem);}.kadence-column_cc81ac-ce > .kt-inside-inner-col,.kadence-column_cc81ac-ce > .kt-inside-inner-col:before{border-top-left-radius:0px;border-top-right-radius:0px;border-bottom-right-radius:0px;border-bottom-left-radius:0px;}.kadence-column_cc81ac-ce > .kt-inside-inner-col{justify-content:flex-start;flex-direction:column;display:flex;}.kadence-column_cc81ac-ce > .kt-inside-inner-col > .aligncenter{width:100%;}.kt-row-column-wrap > .kadence-column_cc81ac-ce{align-self:flex-start;}.kt-inner-column-height-full:not(.kt-has-1-columns) > .wp-block-kadence-column.kadence-column_cc81ac-ce{align-self:auto;}.kt-inner-column-height-full:not(.kt-has-1-columns) > .wp-block-kadence-column.kadence-column_cc81ac-ce > .kt-inside-inner-col{display:flex;flex-direction:column;justify-content:flex-start;}.kadence-column_cc81ac-ce > .kt-inside-inner-col{background-color:var(--global-palette9, #ffffff);}.kadence-column_cc81ac-ce > .kt-inside-inner-col:before{opacity:0.3;}.kadence-column_cc81ac-ce{text-align:left;}.kadence-column_cc81ac-ce{position:relative;}@media all and (max-width: 1024px){.kadence-column_cc81ac-ce > .kt-inside-inner-col{padding-top:var(--global-kb-spacing-lg, 3rem);padding-right:var(--global-kb-spacing-lg, 3rem);padding-bottom:var(--global-kb-spacing-lg, 3rem);padding-left:var(--global-kb-spacing-lg, 3rem);}}@media all and (max-width: 767px){.kadence-column_cc81ac-ce > .kt-inside-inner-col{padding-top:var(--global-kb-spacing-md, 2rem);padding-right:var(--global-kb-spacing-md, 2rem);padding-bottom:var(--global-kb-spacing-md, 2rem);padding-left:var(--global-kb-spacing-md, 2rem);}}<\/style>\n<div class=\"wp-block-kadence-column kadence-column_cc81ac-ce kb-section-dir-vertical inner-column-1\"><div class=\"kt-inside-inner-col\">\n<p style=\"font-size:15px\"><em>A ja opiewa\u0107 b\u0119d\u0119 Tw\u0105 pot\u0119g\u0119<br>i rankiem b\u0119d\u0119 si\u0119 weseli\u0107 z Twojej \u0142askawo\u015bci,<br>bo sta\u0142e\u015b si\u0119 dla mnie warowni\u0105<br>i ucieczk\u0105 w dniu mego ucisku<\/em><\/p>\n\n\n\n<p style=\"font-size:13px\">Psalm 59,17<\/p>\n\n\n<style>.wp-block-kadence-advancedbtn.kb-btns_8c5569-fb{gap:var(--global-kb-gap-xs, 0.5rem );justify-content:flex-start;align-items:center;}.kt-btns_8c5569-fb .kt-button{font-weight:normal;font-style:normal;}<\/style>\n<div class=\"wp-block-kadence-advancedbtn kb-buttons-wrap kb-btns_8c5569-fb\"><style>ul.menu .wp-block-kadence-advancedbtn .kb-btn_1adcdf-cd.kb-button{width:initial;}.wp-block-kadence-advancedbtn .kb-btn_1adcdf-cd.kb-button{font-style:normal;font-weight:regular;}<\/style><a class=\"kb-button kt-button button kb-btn_1adcdf-cd kt-btn-size-small kt-btn-width-type-auto kb-btn-global-inherit kt-btn-has-text-true kt-btn-has-svg-false wp-block-button__link wp-block-kadence-singlebtn\" href=\"https:\/\/nowa.effathastaniatki.pl\/wp-content\/uploads\/2023\/09\/SPIEWNIK_Effatha.pdf\"><span class=\"kt-btn-inner-text\">\u015apiewnik PDF<\/span><\/a><\/div>\n<\/div><\/div>\n\n\n<style>.kadence-column_9bcfa1-dd > .kt-inside-inner-col{padding-top:0px;padding-right:0px;padding-bottom:0px;padding-left:0px;}.kadence-column_9bcfa1-dd > .kt-inside-inner-col,.kadence-column_9bcfa1-dd > .kt-inside-inner-col:before{border-top-left-radius:0px;border-top-right-radius:0px;border-bottom-right-radius:0px;border-bottom-left-radius:0px;}.kadence-column_9bcfa1-dd > .kt-inside-inner-col:before{opacity:0.3;}.kadence-column_9bcfa1-dd{position:relative;}@media all and (max-width: 1024px){.kadence-column_9bcfa1-dd > .kt-inside-inner-col{padding-top:0px;padding-right:0px;padding-bottom:0px;padding-left:0px;}}@media all and (max-width: 767px){.kadence-column_9bcfa1-dd > .kt-inside-inner-col{padding-top:0px;padding-right:0px;padding-bottom:0px;padding-left:0px;}}<\/style>\n<div class=\"wp-block-kadence-column kadence-column_9bcfa1-dd kvs-lg-false kvs-md-false kvs-sm-false inner-column-2\"><div class=\"kt-inside-inner-col\"><\/div><\/div>\n\n<\/div><\/div>","protected":false},"excerpt":{"rendered":"<p>A ja opiewa\u0107 b\u0119d\u0119 Tw\u0105 pot\u0119g\u0119i rankiem b\u0119d\u0119 si\u0119 weseli\u0107 z Twojej \u0142askawo\u015bci,bo sta\u0142e\u015b si\u0119 dla mnie warowni\u0105i ucieczk\u0105 w dniu mego ucisku Psalm 59,17<\/p>\n","protected":false},"author":1,"featured_media":0,"parent":0,"menu_order":0,"comment_status":"closed","ping_status":"closed","template":"","meta":{"_uag_custom_page_level_css":"","_kad_post_transparent":"","_kad_post_title":"","_kad_post_layout":"default","_kad_post_sidebar_id":"","_kad_post_content_style":"default","_kad_post_vertical_padding":"default","_kad_post_feature":"","_kad_post_feature_position":"","_kad_post_header":false,"_kad_post_footer":false,"footnotes":""},"class_list":["post-988","page","type-page","status-publish","hentry"],"uagb_featured_image_src":{"full":false,"thumbnail":false,"medium":false,"medium_large":false,"large":false,"1536x1536":false,"2048x2048":false},"uagb_author_info":{"display_name":"admin","author_link":"https:\/\/effathastaniatki.ovh\/?author=1"},"uagb_comment_info":0,"uagb_excerpt":"A ja opiewa\u0107 b\u0119d\u0119 Tw\u0105 pot\u0119g\u0119i rankiem b\u0119d\u0119 si\u0119 weseli\u0107 z Twojej \u0142askawo\u015bci,bo sta\u0142e\u015b si\u0119 dla mnie warowni\u0105i ucieczk\u0105 w dniu mego ucisku Psalm 59,17","_links":{"self":[{"href":"https:\/\/effathastaniatki.ovh\/index.php?rest_route=\/wp\/v2\/pages\/988","targetHints":{"allow":["GET"]}}],"collection":[{"href":"https:\/\/effathastaniatki.ovh\/index.php?rest_route=\/wp\/v2\/pages"}],"about":[{"href":"https:\/\/effathastaniatki.ovh\/index.php?rest_route=\/wp\/v2\/types\/page"}],"author":[{"embeddable":true,"href":"https:\/\/effathastaniatki.ovh\/index.php?rest_route=\/wp\/v2\/users\/1"}],"replies":[{"embeddable":true,"href":"https:\/\/effathastaniatki.ovh\/index.php?rest_route=%2Fwp%2Fv2%2Fcomments&post=988"}],"version-history":[{"count":35,"href":"https:\/\/effathastaniatki.ovh\/index.php?rest_route=\/wp\/v2\/pages\/988\/revisions"}],"predecessor-version":[{"id":1176,"href":"https:\/\/effathastaniatki.ovh\/index.php?rest_route=\/wp\/v2\/pages\/988\/revisions\/1176"}],"wp:attachment":[{"href":"https:\/\/effathastaniatki.ovh\/index.php?rest_route=%2Fwp%2Fv2%2Fmedia&parent=988"}],"curies":[{"name":"wp","href":"https:\/\/api.w.org\/{rel}","templated":true}]}}